{"id":35,"date":"2024-08-21T14:35:04","date_gmt":"2024-08-21T17:35:04","guid":{"rendered":"https:\/\/associados.cyberbikesbrasil.com\/?page_id=35"},"modified":"2024-08-23T17:22:38","modified_gmt":"2024-08-23T20:22:38","slug":"home","status":"publish","type":"page","link":"https:\/\/associados.cyberbikesbrasil.com\/","title":{"rendered":"Home"},"content":{"rendered":"\t\t<div data-elementor-type=\"wp-page\" data-elementor-id=\"35\" class=\"elementor elementor-35\" data-elementor-post-type=\"page\">\n\t\t\t\t<div class=\"elementor-element elementor-element-f542813 e-con-full e-flex e-con e-parent\" data-id=\"f542813\" data-element_type=\"container\" data-settings=\"{&quot;background_background&quot;:&quot;classic&quot;}\">\n\t\t<div class=\"elementor-element elementor-element-e4934e2 e-con-full e-flex e-con e-child\" data-id=\"e4934e2\" data-element_type=\"container\">\n\t\t\t\t<div class=\"elementor-element elementor-element-242f071 elementor-widget elementor-widget-text-editor\" data-id=\"242f071\" data-element_type=\"widget\" data-widget_type=\"text-editor.default\">\n\t\t\t\t<div class=\"elementor-widget-container\">\n\t\t\t<style>\/*! elementor - v3.23.0 - 15-07-2024 *\/\n.elementor-widget-text-editor.elementor-drop-cap-view-stacked .elementor-drop-cap{background-color:#69727d;color:#fff}.elementor-widget-text-editor.elementor-drop-cap-view-framed .elementor-drop-cap{color:#69727d;border:3px solid;background-color:transparent}.elementor-widget-text-editor:not(.elementor-drop-cap-view-default) .elementor-drop-cap{margin-top:8px}.elementor-widget-text-editor:not(.elementor-drop-cap-view-default) .elementor-drop-cap-letter{width:1em;height:1em}.elementor-widget-text-editor .elementor-drop-cap{float:left;text-align:center;line-height:1;font-size:50px}.elementor-widget-text-editor .elementor-drop-cap-letter{display:inline-block}<\/style>\t\t\t\t<h1>CONHE\u00c7A NOSSOS <span style=\"color: #fed500;\">PLANOS PARA ASSOCIADOS<\/span><\/h1>\t\t\t\t\t\t<\/div>\n\t\t\t\t<\/div>\n\t\t\t\t<div class=\"elementor-element elementor-element-7d3df19 elementor-product-loop-item--align-center elementor-grid-2 elementor-grid-tablet-3 elementor-grid-mobile-2 elementor-products-grid elementor-wc-products elementor-widget elementor-widget-woocommerce-products\" data-id=\"7d3df19\" data-element_type=\"widget\" data-widget_type=\"woocommerce-products.default\">\n\t\t\t\t<div class=\"elementor-widget-container\">\n\t\t\t<link rel=\"stylesheet\" href=\"https:\/\/associados.cyberbikesbrasil.com\/wp-content\/plugins\/elementor-pro\/assets\/css\/widget-woocommerce.min.css?ver=1724260842\"><div class=\"woocommerce columns-2 \"><ul class=\"products elementor-grid columns-2\">\n<li class=\"product type-product post-112 status-publish first instock product_cat-uncategorized shipping-taxable purchasable product-type-simple\">\n\t<a href=\"https:\/\/associados.cyberbikesbrasil.com\/index.php\/product\/plano-2\/\" class=\"woocommerce-LoopProduct-link woocommerce-loop-product__link\"><img fetchpriority=\"high\" decoding=\"async\" width=\"300\" height=\"300\" src=\"https:\/\/associados.cyberbikesbrasil.com\/wp-content\/uploads\/woocommerce-placeholder.png\" class=\"woocommerce-placeholder wp-post-image\" alt=\"Conte\u00fado de marca\u00e7\u00e3o\" srcset=\"https:\/\/associados.cyberbikesbrasil.com\/wp-content\/uploads\/woocommerce-placeholder.png 1200w, https:\/\/associados.cyberbikesbrasil.com\/wp-content\/uploads\/woocommerce-placeholder-300x300.png 300w, https:\/\/associados.cyberbikesbrasil.com\/wp-content\/uploads\/woocommerce-placeholder-1024x1024.png 1024w, https:\/\/associados.cyberbikesbrasil.com\/wp-content\/uploads\/woocommerce-placeholder-150x150.png 150w, https:\/\/associados.cyberbikesbrasil.com\/wp-content\/uploads\/woocommerce-placeholder-768x768.png 768w\" sizes=\"(max-width: 300px) 100vw, 300px\" \/><h2 class=\"woocommerce-loop-product__title\">Plano 2<\/h2>\n\t<span class=\"price\"><span class=\"woocommerce-Price-amount amount\"><bdi><span class=\"woocommerce-Price-currencySymbol\">&#82;&#36;<\/span>&nbsp;49,90<\/bdi><\/span><\/span>\n<\/a><a href=\"\/index.php\/wp-json\/wp\/v2\/pages\/35?add-to-cart=112\" aria-describedby=\"woocommerce_loop_add_to_cart_link_describedby_112\" data-quantity=\"1\" class=\"button product_type_simple add_to_cart_button ajax_add_to_cart\" data-product_id=\"112\" data-product_sku=\"\" aria-label=\"Adicione ao carrinho: &ldquo;Plano 2&rdquo;\" rel=\"nofollow\" data-success_message=\"\u201cPlano 2\u201d foi adicionado ao seu carrinho\" role=\"button\">Adicionar ao carrinho<\/a>\t<span id=\"woocommerce_loop_add_to_cart_link_describedby_112\" class=\"screen-reader-text\">\n\t\t\t<\/span>\n<\/li>\n<li class=\"product type-product post-80 status-publish last instock product_cat-uncategorized shipping-taxable purchasable product-type-simple\">\n\t<a href=\"https:\/\/associados.cyberbikesbrasil.com\/index.php\/product\/plano-1\/\" class=\"woocommerce-LoopProduct-link woocommerce-loop-product__link\"><img fetchpriority=\"high\" decoding=\"async\" width=\"300\" height=\"300\" src=\"https:\/\/associados.cyberbikesbrasil.com\/wp-content\/uploads\/woocommerce-placeholder.png\" class=\"woocommerce-placeholder wp-post-image\" alt=\"Conte\u00fado de marca\u00e7\u00e3o\" srcset=\"https:\/\/associados.cyberbikesbrasil.com\/wp-content\/uploads\/woocommerce-placeholder.png 1200w, https:\/\/associados.cyberbikesbrasil.com\/wp-content\/uploads\/woocommerce-placeholder-300x300.png 300w, https:\/\/associados.cyberbikesbrasil.com\/wp-content\/uploads\/woocommerce-placeholder-1024x1024.png 1024w, https:\/\/associados.cyberbikesbrasil.com\/wp-content\/uploads\/woocommerce-placeholder-150x150.png 150w, https:\/\/associados.cyberbikesbrasil.com\/wp-content\/uploads\/woocommerce-placeholder-768x768.png 768w\" sizes=\"(max-width: 300px) 100vw, 300px\" \/><h2 class=\"woocommerce-loop-product__title\">Plano 1<\/h2>\n\t<span class=\"price\"><span class=\"woocommerce-Price-amount amount\"><bdi><span class=\"woocommerce-Price-currencySymbol\">&#82;&#36;<\/span>&nbsp;399,00<\/bdi><\/span><\/span>\n<\/a><a href=\"\/index.php\/wp-json\/wp\/v2\/pages\/35?add-to-cart=80\" aria-describedby=\"woocommerce_loop_add_to_cart_link_describedby_80\" data-quantity=\"1\" class=\"button product_type_simple add_to_cart_button ajax_add_to_cart\" data-product_id=\"80\" data-product_sku=\"\" aria-label=\"Adicione ao carrinho: &ldquo;Plano 1&rdquo;\" rel=\"nofollow\" data-success_message=\"\u201cPlano 1\u201d foi adicionado ao seu carrinho\" role=\"button\">Adicionar ao carrinho<\/a>\t<span id=\"woocommerce_loop_add_to_cart_link_describedby_80\" class=\"screen-reader-text\">\n\t\t\t<\/span>\n<\/li>\n<\/ul>\n<\/div>\t\t<\/div>\n\t\t\t\t<\/div>\n\t\t\t\t<\/div>\n\t\t\t\t<\/div>\n\t\t\t\t<\/div>\n\t\t","protected":false},"excerpt":{"rendered":"<p>CONHE\u00c7A NOSSOS PLANOS PARA ASSOCIADOS<\/p>\n","protected":false},"author":1,"featured_media":0,"parent":0,"menu_order":0,"comment_status":"closed","ping_status":"closed","template":"","meta":{"footnotes":""},"class_list":["post-35","page","type-page","status-publish","hentry"],"_links":{"self":[{"href":"https:\/\/associados.cyberbikesbrasil.com\/index.php\/wp-json\/wp\/v2\/pages\/35","targetHints":{"allow":["GET"]}}],"collection":[{"href":"https:\/\/associados.cyberbikesbrasil.com\/index.php\/wp-json\/wp\/v2\/pages"}],"about":[{"href":"https:\/\/associados.cyberbikesbrasil.com\/index.php\/wp-json\/wp\/v2\/types\/page"}],"author":[{"embeddable":true,"href":"https:\/\/associados.cyberbikesbrasil.com\/index.php\/wp-json\/wp\/v2\/users\/1"}],"replies":[{"embeddable":true,"href":"https:\/\/associados.cyberbikesbrasil.com\/index.php\/wp-json\/wp\/v2\/comments?post=35"}],"version-history":[{"count":25,"href":"https:\/\/associados.cyberbikesbrasil.com\/index.php\/wp-json\/wp\/v2\/pages\/35\/revisions"}],"predecessor-version":[{"id":118,"href":"https:\/\/associados.cyberbikesbrasil.com\/index.php\/wp-json\/wp\/v2\/pages\/35\/revisions\/118"}],"wp:attachment":[{"href":"https:\/\/associados.cyberbikesbrasil.com\/index.php\/wp-json\/wp\/v2\/media?parent=35"}],"curies":[{"name":"wp","href":"https:\/\/api.w.org\/{rel}","templated":true}]}}